{"id":538,"date":"2023-03-01T04:53:47","date_gmt":"2023-03-01T03:53:47","guid":{"rendered":"https:\/\/cabi-sg.ch\/?page_id=538"},"modified":"2023-05-09T08:44:18","modified_gmt":"2023-05-09T06:44:18","slug":"soligruppe-syrien-kurdistan","status":"publish","type":"page","link":"https:\/\/cabi-sg.ch\/en\/soligruppe-syrien-kurdistan\/","title":{"rendered":"Soligroup Syria\/Kurdistan"},"content":{"rendered":"<div data-elementor-type=\"wp-page\" data-elementor-id=\"538\" class=\"elementor elementor-538\" data-elementor-post-type=\"page\">\n\t\t\t\t\t\t<section class=\"has_ae_slider elementor-section elementor-top-section elementor-element elementor-element-ab51f8b elementor-section-content-middle elementor-section-boxed elementor-section-height-default elementor-section-height-default ae-bg-gallery-type-default\" data-id=\"ab51f8b\" data-element_type=\"section\">\n\t\t\t\t\t\t<div class=\"elementor-container elementor-column-gap-no\">\n\t\t\t\t\t<div class=\"has_ae_slider elementor-column elementor-col-50 elementor-top-column elementor-element elementor-element-a29a231 ae-bg-gallery-type-default\" data-id=\"a29a231\" data-element_type=\"column\" data-settings=\"{&quot;background_background&quot;:&quot;classic&quot;}\">\n\t\t\t<div class=\"elementor-widget-wrap elementor-element-populated\">\n\t\t\t\t\t<div class=\"elementor-background-overlay\"><\/div>\n\t\t\t\t\t\t<div class=\"elementor-element elementor-element-5a49273 elementor-widget elementor-widget-image\" data-id=\"5a49273\" data-element_type=\"widget\" data-widget_type=\"image.default\">\n\t\t\t\t<div class=\"elementor-widget-container\">\n\t\t\t<style>\/*! elementor - v3.21.0 - 26-05-2024 *\/\n.elementor-widget-image{text-align:center}.elementor-widget-image a{display:inline-block}.elementor-widget-image a img[src$=\".svg\"]{width:48px}.elementor-widget-image img{vertical-align:middle;display:inline-block}<\/style>\t\t\t\t\t\t\t\t\t\t<img fetchpriority=\"high\" decoding=\"async\" width=\"2560\" height=\"1920\" src=\"https:\/\/cabi-sg.ch\/wp-content\/uploads\/2023\/03\/ZerocalcareCaBi-scaled.jpg\" class=\"attachment-full size-full wp-image-546\" alt=\"\" srcset=\"https:\/\/cabi-sg.ch\/wp-content\/uploads\/2023\/03\/ZerocalcareCaBi-scaled.jpg 2560w, https:\/\/cabi-sg.ch\/wp-content\/uploads\/2023\/03\/ZerocalcareCaBi-300x225.jpg 300w, https:\/\/cabi-sg.ch\/wp-content\/uploads\/2023\/03\/ZerocalcareCaBi-1024x768.jpg 1024w, https:\/\/cabi-sg.ch\/wp-content\/uploads\/2023\/03\/ZerocalcareCaBi-768x576.jpg 768w, https:\/\/cabi-sg.ch\/wp-content\/uploads\/2023\/03\/ZerocalcareCaBi-1536x1152.jpg 1536w, https:\/\/cabi-sg.ch\/wp-content\/uploads\/2023\/03\/ZerocalcareCaBi-2048x1536.jpg 2048w, https:\/\/cabi-sg.ch\/wp-content\/uploads\/2023\/03\/ZerocalcareCaBi-16x12.jpg 16w\" sizes=\"(max-width: 2560px) 100vw, 2560px\" \/>\t\t\t\t\t\t\t\t\t\t\t\t\t<\/div>\n\t\t\t\t<\/div>\n\t\t\t\t<div class=\"elementor-element elementor-element-2761fe2 elementor-widget elementor-widget-heading\" data-id=\"2761fe2\" data-element_type=\"widget\" data-widget_type=\"heading.default\">\n\t\t\t\t<div class=\"elementor-widget-container\">\n\t\t\t<style>\/*! elementor - v3.21.0 - 26-05-2024 *\/\n.elementor-heading-title{padding:0;margin:0;line-height:1}.elementor-widget-heading .elementor-heading-title[class*=elementor-size-]>a{color:inherit;font-size:inherit;line-height:inherit}.elementor-widget-heading .elementor-heading-title.elementor-size-small{font-size:15px}.elementor-widget-heading .elementor-heading-title.elementor-size-medium{font-size:19px}.elementor-widget-heading .elementor-heading-title.elementor-size-large{font-size:29px}.elementor-widget-heading .elementor-heading-title.elementor-size-xl{font-size:39px}.elementor-widget-heading .elementor-heading-title.elementor-size-xxl{font-size:59px}<\/style><p class=\"elementor-heading-title elementor-size-default\"><i>Keep it up, CaBi! <\/i><br>\nZerocalcare, the author of <a href=\" https:\/\/www.avant-verlag.de\/comics\/kobane-calling\/\" target=\"_blank\" style=\"color: #7ABC4F\">\"Kobane Calling\"<\/a>, made this drawing especially for CaBi.<br> \n<\/p>\t\t<\/div>\n\t\t\t\t<\/div>\n\t\t\t\t\t<\/div>\n\t\t<\/div>\n\t\t\t\t<div class=\"has_ae_slider elementor-column elementor-col-50 elementor-top-column elementor-element elementor-element-85f0f5e ae-bg-gallery-type-default\" data-id=\"85f0f5e\" data-element_type=\"column\">\n\t\t\t<div class=\"elementor-widget-wrap elementor-element-populated\">\n\t\t\t\t\t\t<div class=\"elementor-element elementor-element-24831ae animated-slow elementor-invisible elementor-widget elementor-widget-heading\" data-id=\"24831ae\" data-element_type=\"widget\" data-settings=\"{&quot;_animation&quot;:&quot;fadeInDown&quot;}\" data-widget_type=\"heading.default\">\n\t\t\t\t<div class=\"elementor-widget-container\">\n\t\t\t<h6 class=\"elementor-heading-title elementor-size-default\">Solidarity Group for Syria and Kurdistan\n\n<\/h6>\t\t<\/div>\n\t\t\t\t<\/div>\n\t\t\t\t<div class=\"elementor-element elementor-element-6128d98 animated-slow elementor-invisible elementor-widget elementor-widget-heading\" data-id=\"6128d98\" data-element_type=\"widget\" data-settings=\"{&quot;_animation&quot;:&quot;fadeInDown&quot;,&quot;_animation_delay&quot;:200}\" data-widget_type=\"heading.default\">\n\t\t\t\t<div class=\"elementor-widget-container\">\n\t\t\t<p class=\"elementor-heading-title elementor-size-default\">The Solidarity Group for Syria and Kurdistan or in short \"Soligruppe Syria\/Kurdistan\", was formed during the war in Syria. As a project from our meeting point, we originally called the group \"CaBi-Solidaritygroup for Syria and Kurdistan\". Since in the meantime it is also networked supra-regional, the larger part of the group liked to say goodbye to the abbreviation: \"CaBi\", a step that in no way calls into question our attachment to the anti-racism meeting point.<\/p>\t\t<\/div>\n\t\t\t\t<\/div>\n\t\t\t\t<div class=\"elementor-element elementor-element-7071431 animated-slow elementor-invisible elementor-widget elementor-widget-heading\" data-id=\"7071431\" data-element_type=\"widget\" data-settings=\"{&quot;_animation&quot;:&quot;fadeInDown&quot;,&quot;_animation_delay&quot;:200}\" data-widget_type=\"heading.default\">\n\t\t\t\t<div class=\"elementor-widget-container\">\n\t\t\t<p class=\"elementor-heading-title elementor-size-default\">Right at the beginning, in 2015, the Soligroup received a lot of media attention due to a sensational action in front of the Federal Parliament in Bern for the reception of Syrian refugees. <a href=\"https:\/\/www.srf.ch\/news\/schweiz\/die-schweiz-soll-100-000-syrer-aufnehmen\" target=\"_blank\" style=\"color: #7ABC4F\">https:\/\/www.srf.ch\/news\/schweiz\/die-schweiz-soll-100-000-syrer-aufnehmen.<\/a><\/p>\t\t<\/div>\n\t\t\t\t<\/div>\n\t\t\t\t<div class=\"elementor-element elementor-element-2ed4fc3 animated-slow elementor-invisible elementor-widget elementor-widget-heading\" data-id=\"2ed4fc3\" data-element_type=\"widget\" data-settings=\"{&quot;_animation&quot;:&quot;fadeInDown&quot;,&quot;_animation_delay&quot;:200}\" data-widget_type=\"heading.default\">\n\t\t\t\t<div class=\"elementor-widget-container\">\n\t\t\t<p class=\"elementor-heading-title elementor-size-default\">Subsequently, the reception of 30 Syrian refugees was accompanied and supported. Through the participation of a Kurdish activist, the group's engagement expanded into the Kurdish regions of Turkey and Iraq. In the meantime, three delegation trips on different human rights topics (camps of Syrian and Kurdish refugees, criminalized journalists, politicians, human rights activists) have been carried out to Turkey, and the fourth trip in early summer 2023 with a focus on 'prisoners' is being planned. <\/p>\t\t<\/div>\n\t\t\t\t<\/div>\n\t\t\t\t<div class=\"elementor-element elementor-element-963bf33 elementor-widget__width-auto elementor-fixed elementor-hidden-mobile elementor-widget elementor-widget-button\" data-id=\"963bf33\" data-element_type=\"widget\" data-settings=\"{&quot;_position&quot;:&quot;fixed&quot;}\" data-widget_type=\"button.default\">\n\t\t\t\t<div class=\"elementor-widget-container\">\n\t\t\t\t\t<div class=\"elementor-button-wrapper\">\n\t\t\t<a class=\"elementor-button elementor-button-link elementor-size-sm\" href=\"#elementor-action:action=popup:open&settings=eyJpZCI6IjYzOCIsInRvZ2dsZSI6ZmFsc2V9\">\n\t\t\t\t\t\t<span class=\"elementor-button-content-wrapper\">\n\t\t\t\t\t\t\t\t\t<span class=\"elementor-button-text\">Jetzt spenden<\/span>\n\t\t\t\t\t<\/span>\n\t\t\t\t\t<\/a>\n\t\t<\/div>\n\t\t\t\t<\/div>\n\t\t\t\t<\/div>\n\t\t\t\t\t<\/div>\n\t\t<\/div>\n\t\t\t\t\t<\/div>\n\t\t<\/section>\n\t\t\t\t<section class=\"has_ae_slider elementor-section elementor-top-section elementor-element elementor-element-13ac327 elementor-section-boxed elementor-section-height-default elementor-section-height-default ae-bg-gallery-type-default\" data-id=\"13ac327\" data-element_type=\"section\">\n\t\t\t\t\t\t<div class=\"elementor-container elementor-column-gap-default\">\n\t\t\t\t\t<div class=\"has_ae_slider elementor-column elementor-col-100 elementor-top-column elementor-element elementor-element-8a07191 ae-bg-gallery-type-default\" data-id=\"8a07191\" data-element_type=\"column\">\n\t\t\t<div class=\"elementor-widget-wrap elementor-element-populated\">\n\t\t\t\t\t\t<div class=\"elementor-element elementor-element-1c2c998 animated-slow elementor-invisible elementor-widget elementor-widget-heading\" data-id=\"1c2c998\" data-element_type=\"widget\" data-settings=\"{&quot;_animation&quot;:&quot;fadeInDown&quot;,&quot;_animation_delay&quot;:200}\" data-widget_type=\"heading.default\">\n\t\t\t\t<div class=\"elementor-widget-container\">\n\t\t\t<p class=\"elementor-heading-title elementor-size-default\">The solidarity group also organizes regular information events and solos. In the beginning, soup kitchens in the war zones of Syria were supported, over several months there were soli-meals for Kurdish media workers (with a de facto professional ban), a benefit evening for the self-governing revolutionary Rojava took place, and we also invited people to CaBi for a soli-meal for those affected by the earthquake.<\/p>\t\t<\/div>\n\t\t\t\t<\/div>\n\t\t\t\t\t<\/div>\n\t\t<\/div>\n\t\t\t\t\t<\/div>\n\t\t<\/section>\n\t\t\t\t<\/div>","protected":false},"excerpt":{"rendered":"<p>\u00dcbersetzung: Weiter so, CaBi! Zerocalcare, der Autor von &#171;Kobane Calling&#187;, machte diese Zeichnung extra f\u00fcr das CaBi. Solidarit\u00e4tsgruppe f\u00fcr Syrien und Kurdistan Die Solidarit\u00e4tsgruppe f\u00fcr Syrien und Kurdistan oder k\u00fcrzer &#171;Soligruppe Syrien\/Kurdistan&#187;, ist w\u00e4hrend des Syrienkrieges entstanden. Als Projekt aus unserem Treffpunkt nannten wir die Gruppe urspr\u00fcnglich &#171;CaBi-Solidarit\u00e4tsgruppe f\u00fcr Syrien und Kurdistan&#187;. Da mittlerweile auch [&hellip;]<\/p>","protected":false},"author":5,"featured_media":0,"parent":0,"menu_order":0,"comment_status":"closed","ping_status":"closed","template":"","meta":{"_acf_changed":false,"footnotes":""},"class_list":["post-538","page","type-page","status-publish","hentry"],"acf":[],"aioseo_notices":[],"_links":{"self":[{"href":"https:\/\/cabi-sg.ch\/en\/wp-json\/wp\/v2\/pages\/538","targetHints":{"allow":["GET"]}}],"collection":[{"href":"https:\/\/cabi-sg.ch\/en\/wp-json\/wp\/v2\/pages"}],"about":[{"href":"https:\/\/cabi-sg.ch\/en\/wp-json\/wp\/v2\/types\/page"}],"author":[{"embeddable":true,"href":"https:\/\/cabi-sg.ch\/en\/wp-json\/wp\/v2\/users\/5"}],"replies":[{"embeddable":true,"href":"https:\/\/cabi-sg.ch\/en\/wp-json\/wp\/v2\/comments?post=538"}],"version-history":[{"count":34,"href":"https:\/\/cabi-sg.ch\/en\/wp-json\/wp\/v2\/pages\/538\/revisions"}],"predecessor-version":[{"id":789,"href":"https:\/\/cabi-sg.ch\/en\/wp-json\/wp\/v2\/pages\/538\/revisions\/789"}],"wp:attachment":[{"href":"https:\/\/cabi-sg.ch\/en\/wp-json\/wp\/v2\/media?parent=538"}],"curies":[{"name":"wp","href":"https:\/\/api.w.org\/{rel}","templated":true}]}}