{"id":36,"date":"2023-01-26T12:13:36","date_gmt":"2023-01-26T11:13:36","guid":{"rendered":"https:\/\/cabi-sg.ch\/?page_id=36"},"modified":"2025-11-12T17:41:32","modified_gmt":"2025-11-12T16:41:32","slug":"kuche-fur-alle","status":"publish","type":"page","link":"https:\/\/cabi-sg.ch\/en\/kuche-fur-alle\/","title":{"rendered":"Kitchen for All"},"content":{"rendered":"<div data-elementor-type=\"wp-page\" data-elementor-id=\"36\" class=\"elementor elementor-36\" data-elementor-post-type=\"page\">\n\t\t\t\t\t\t<section class=\"has_ae_slider elementor-section elementor-top-section elementor-element elementor-element-75440fdc elementor-section-full_width elementor-section-content-middle elementor-hidden-desktop elementor-hidden-tablet elementor-hidden-mobile elementor-section-height-default elementor-section-height-default ae-bg-gallery-type-default\" data-id=\"75440fdc\" data-element_type=\"section\">\n\t\t\t\t\t\t<div class=\"elementor-container elementor-column-gap-no\">\n\t\t\t\t\t<div class=\"has_ae_slider elementor-column elementor-col-50 elementor-top-column elementor-element elementor-element-1d02da5c ae-bg-gallery-type-default\" data-id=\"1d02da5c\" data-element_type=\"column\" data-settings=\"{&quot;background_background&quot;:&quot;classic&quot;}\">\n\t\t\t<div class=\"elementor-widget-wrap elementor-element-populated\">\n\t\t\t\t\t<div class=\"elementor-background-overlay\"><\/div>\n\t\t\t\t\t\t<div class=\"elementor-element elementor-element-309ee9f8 animated-slow elementor-invisible elementor-widget elementor-widget-heading\" data-id=\"309ee9f8\" data-element_type=\"widget\" data-settings=\"{&quot;_animation&quot;:&quot;fadeIn&quot;,&quot;_animation_delay&quot;:300}\" data-widget_type=\"heading.default\">\n\t\t\t\t<div class=\"elementor-widget-container\">\n\t\t\t<style>\/*! elementor - v3.21.0 - 26-05-2024 *\/\n.elementor-heading-title{padding:0;margin:0;line-height:1}.elementor-widget-heading .elementor-heading-title[class*=elementor-size-]>a{color:inherit;font-size:inherit;line-height:inherit}.elementor-widget-heading .elementor-heading-title.elementor-size-small{font-size:15px}.elementor-widget-heading .elementor-heading-title.elementor-size-medium{font-size:19px}.elementor-widget-heading .elementor-heading-title.elementor-size-large{font-size:29px}.elementor-widget-heading .elementor-heading-title.elementor-size-xl{font-size:39px}.elementor-widget-heading .elementor-heading-title.elementor-size-xxl{font-size:59px}<\/style><h4 class=\"elementor-heading-title elementor-size-default\">Our bistro is open every Friday from 7 p.m.<\/h4>\t\t<\/div>\n\t\t\t\t<\/div>\n\t\t\t\t\t<\/div>\n\t\t<\/div>\n\t\t\t\t<div class=\"has_ae_slider elementor-column elementor-col-50 elementor-top-column elementor-element elementor-element-71dfc9d3 ae-bg-gallery-type-default\" data-id=\"71dfc9d3\" data-element_type=\"column\">\n\t\t\t<div class=\"elementor-widget-wrap elementor-element-populated\">\n\t\t\t\t\t\t<div class=\"elementor-element elementor-element-cb76062 animated-slow elementor-invisible elementor-widget elementor-widget-heading\" data-id=\"cb76062\" data-element_type=\"widget\" data-settings=\"{&quot;_animation&quot;:&quot;fadeInDown&quot;}\" data-widget_type=\"heading.default\">\n\t\t\t\t<div class=\"elementor-widget-container\">\n\t\t\t<h6 class=\"elementor-heading-title elementor-size-default\">We welcome any guest cooks! (Please get in touch: <a href=\"mailto:info@cabi-sg.ch\" style=\"color: #7ABC4F\">info@cabi-sg.ch<\/a>)\n\n<\/h6>\t\t<\/div>\n\t\t\t\t<\/div>\n\t\t\t\t<div class=\"elementor-element elementor-element-8100d7f animated-slow elementor-invisible elementor-widget elementor-widget-heading\" data-id=\"8100d7f\" data-element_type=\"widget\" data-settings=\"{&quot;_animation&quot;:&quot;fadeInDown&quot;,&quot;_animation_delay&quot;:200}\" data-widget_type=\"heading.default\">\n\t\t\t\t<div class=\"elementor-widget-container\">\n\t\t\t<p class=\"elementor-heading-title elementor-size-default\">The K\u00fcfA is open every Friday from 19.00. The menu costs Fr. 10.- and usually consists of three courses. <br>\n\nThe \"Kitchen for All\" is an ideal way to get to know the CaBi. <br>\n\nSometimes the K\u00fcfA is followed by information events, discussion groups or film evenings. <br>\n\nOur guest cooks prepare delicacies from Sri Lanka, Palestine, Macedonia, Egypt, Chile, Peru, Iraq, Algeria, Sudan, Kurdistan, Italy, Switzerland and many other countries. <br>\n\nWe are happy when people who want to cook sign up here: <br>\n<a href=\"https:\/\/xoyondo.com\/dp\/DhAAfsVK18LhJNT\" target=\"_blank\" style=\"color: #7ABC4F\">Xoyondo survey<\/a>\nImportant: If no one is registered, the operating group organizes the cooking. The \"Kitchen for All\" is vegetarian or vegan. It takes place on all indicated dates!<\/p>\t\t<\/div>\n\t\t\t\t<\/div>\n\t\t\t\t\t<\/div>\n\t\t<\/div>\n\t\t\t\t\t<\/div>\n\t\t<\/section>\n\t\t\t\t<section class=\"has_ae_slider elementor-section elementor-top-section elementor-element elementor-element-mtrc52u elementor-section-boxed elementor-section-height-default elementor-section-height-default ae-bg-gallery-type-default\" data-id=\"mtrc52u\" data-element_type=\"section\" data-settings=\"{&quot;background_background&quot;:&quot;classic&quot;}\">\n\t\t\t\t\t\t\t<div class=\"elementor-background-overlay\"><\/div>\n\t\t\t\t\t\t\t<div class=\"elementor-container elementor-column-gap-default\">\n\t\t\t\t\t<div class=\"has_ae_slider elementor-column elementor-col-100 elementor-top-column elementor-element elementor-element-78af2ff ae-bg-gallery-type-default\" data-id=\"78af2ff\" data-element_type=\"column\">\n\t\t\t<div class=\"elementor-widget-wrap elementor-element-populated\">\n\t\t\t\t\t\t<div class=\"elementor-element elementor-element-80ff204 animated-slow elementor-invisible elementor-widget elementor-widget-heading\" data-id=\"80ff204\" data-element_type=\"widget\" data-settings=\"{&quot;_animation&quot;:&quot;fadeIn&quot;,&quot;_animation_delay&quot;:300}\" data-widget_type=\"heading.default\">\n\t\t\t\t<div class=\"elementor-widget-container\">\n\t\t\t<h4 class=\"elementor-heading-title elementor-size-default\">Our bistro is open every Friday from 7 p.m.<\/h4>\t\t<\/div>\n\t\t\t\t<\/div>\n\t\t\t\t<div class=\"elementor-element elementor-element-b738a39 elementor-widget__width-auto elementor-fixed elementor-hidden-mobile elementor-widget elementor-widget-button\" data-id=\"b738a39\" data-element_type=\"widget\" data-settings=\"{&quot;_position&quot;:&quot;fixed&quot;}\" data-widget_type=\"button.default\">\n\t\t\t\t<div class=\"elementor-widget-container\">\n\t\t\t\t\t<div class=\"elementor-button-wrapper\">\n\t\t\t<a class=\"elementor-button elementor-button-link elementor-size-sm\" href=\"#elementor-action:action=popup:open&settings=eyJpZCI6IjYzOCIsInRvZ2dsZSI6ZmFsc2V9\">\n\t\t\t\t\t\t<span class=\"elementor-button-content-wrapper\">\n\t\t\t\t\t\t\t\t\t<span class=\"elementor-button-text\">Jetzt spenden<\/span>\n\t\t\t\t\t<\/span>\n\t\t\t\t\t<\/a>\n\t\t<\/div>\n\t\t\t\t<\/div>\n\t\t\t\t<\/div>\n\t\t\t\t\t<\/div>\n\t\t<\/div>\n\t\t\t\t\t<\/div>\n\t\t<\/section>\n\t\t\t\t<section class=\"has_ae_slider elementor-section elementor-top-section elementor-element elementor-element-mrbbwac elementor-section-content-middle elementor-section-boxed elementor-section-height-default elementor-section-height-default ae-bg-gallery-type-default\" data-id=\"mrbbwac\" data-element_type=\"section\" data-settings=\"{&quot;background_background&quot;:&quot;classic&quot;}\">\n\t\t\t\t\t\t<div class=\"elementor-container elementor-column-gap-no\">\n\t\t\t\t\t<div class=\"has_ae_slider elementor-column elementor-col-50 elementor-top-column elementor-element elementor-element-1a6a005 ae-bg-gallery-type-default\" data-id=\"1a6a005\" data-element_type=\"column\">\n\t\t\t<div class=\"elementor-widget-wrap elementor-element-populated\">\n\t\t\t\t\t\t<div class=\"elementor-element elementor-element-ff4cd70 animated-slow elementor-invisible elementor-widget elementor-widget-heading\" data-id=\"ff4cd70\" data-element_type=\"widget\" data-settings=\"{&quot;_animation&quot;:&quot;fadeInDown&quot;,&quot;_animation_delay&quot;:200}\" data-widget_type=\"heading.default\">\n\t\t\t\t<div class=\"elementor-widget-container\">\n\t\t\t<p class=\"elementor-heading-title elementor-size-default\">Die K\u00fcfA ist jeden Freitag ab 19.00 Uhr offen. Das vegetarische oder vegane Men\u00fc kostet Fr. 10.- und besteht meist aus drei G\u00e4ngen. <br>\n\nThe \"Kitchen for All\" is an ideal way to get to know the CaBi. <br>\n\nSometimes the K\u00fcfA is followed by information events, discussion groups or film evenings. <br>\n\nOur guest cooks prepare delicacies from Sri Lanka, Palestine, Macedonia, Egypt, Chile, Peru, Iraq, Algeria, Sudan, Kurdistan, Italy, Switzerland and many other countries. <br>\n\nWe are happy when people who want to cook sign up here: <br>\n <a href=\"https:\/\/nuudel.digitalcourage.de\/HQs2NfZxHLBfL4EO\" style=\"color: #7ABC4F\">nuudel-Umfrage<\/a> <br>\n\nWichtig: Wenn niemand eingetragen ist, organisiert die Betriebsgruppe das Kochen. Die \u00abK\u00fcche f\u00fcr Alle\u00bb findet an allen angegebenen Terminen statt!<\/p>\t\t<\/div>\n\t\t\t\t<\/div>\n\t\t\t\t<div class=\"elementor-element elementor-element-63943fa animated-slow elementor-invisible elementor-widget elementor-widget-heading\" data-id=\"63943fa\" data-element_type=\"widget\" data-settings=\"{&quot;_animation&quot;:&quot;fadeInDown&quot;}\" data-widget_type=\"heading.default\">\n\t\t\t\t<div class=\"elementor-widget-container\">\n\t\t\t<h6 class=\"elementor-heading-title elementor-size-default\">We welcome any guest cooks! (Please get in touch: <a href=\"mailto:info@cabi-sg.ch\" style=\"color: #7ABC4F\">info@cabi-sg.ch<\/a>)\n\n<\/h6>\t\t<\/div>\n\t\t\t\t<\/div>\n\t\t\t\t\t<\/div>\n\t\t<\/div>\n\t\t\t\t<div class=\"has_ae_slider elementor-column elementor-col-50 elementor-top-column elementor-element elementor-element-e8a3c70 ae-bg-gallery-type-default\" data-id=\"e8a3c70\" data-element_type=\"column\">\n\t\t\t<div class=\"elementor-widget-wrap elementor-element-populated\">\n\t\t\t\t\t\t<div class=\"elementor-element elementor-element-503b2c2 gallery-spacing-custom elementor-widget elementor-widget-image-gallery\" data-id=\"503b2c2\" data-element_type=\"widget\" data-widget_type=\"image-gallery.default\">\n\t\t\t\t<div class=\"elementor-widget-container\">\n\t\t\t<style>\/*! elementor - v3.21.0 - 26-05-2024 *\/\n.elementor-image-gallery .gallery-item{display:inline-block;text-align:center;vertical-align:top;width:100%;max-width:100%;margin:0 auto}.elementor-image-gallery .gallery-item img{margin:0 auto}.elementor-image-gallery .gallery-item .gallery-caption{margin:0}.elementor-image-gallery figure img{display:block}.elementor-image-gallery figure figcaption{width:100%}.gallery-spacing-custom .elementor-image-gallery .gallery-icon{padding:0}@media (min-width:768px){.elementor-image-gallery .gallery-columns-2 .gallery-item{max-width:50%}.elementor-image-gallery .gallery-columns-3 .gallery-item{max-width:33.33%}.elementor-image-gallery .gallery-columns-4 .gallery-item{max-width:25%}.elementor-image-gallery .gallery-columns-5 .gallery-item{max-width:20%}.elementor-image-gallery .gallery-columns-6 .gallery-item{max-width:16.666%}.elementor-image-gallery .gallery-columns-7 .gallery-item{max-width:14.28%}.elementor-image-gallery .gallery-columns-8 .gallery-item{max-width:12.5%}.elementor-image-gallery .gallery-columns-9 .gallery-item{max-width:11.11%}.elementor-image-gallery .gallery-columns-10 .gallery-item{max-width:10%}}@media (min-width:480px) and (max-width:767px){.elementor-image-gallery .gallery.gallery-columns-2 .gallery-item,.elementor-image-gallery .gallery.gallery-columns-3 .gallery-item,.elementor-image-gallery .gallery.gallery-columns-4 .gallery-item,.elementor-image-gallery .gallery.gallery-columns-5 .gallery-item,.elementor-image-gallery .gallery.gallery-columns-6 .gallery-item,.elementor-image-gallery .gallery.gallery-columns-7 .gallery-item,.elementor-image-gallery .gallery.gallery-columns-8 .gallery-item,.elementor-image-gallery .gallery.gallery-columns-9 .gallery-item,.elementor-image-gallery .gallery.gallery-columns-10 .gallery-item{max-width:50%}}@media (max-width:479px){.elementor-image-gallery .gallery.gallery-columns-2 .gallery-item,.elementor-image-gallery .gallery.gallery-columns-3 .gallery-item,.elementor-image-gallery .gallery.gallery-columns-4 .gallery-item,.elementor-image-gallery .gallery.gallery-columns-5 .gallery-item,.elementor-image-gallery .gallery.gallery-columns-6 .gallery-item,.elementor-image-gallery .gallery.gallery-columns-7 .gallery-item,.elementor-image-gallery .gallery.gallery-columns-8 .gallery-item,.elementor-image-gallery .gallery.gallery-columns-9 .gallery-item,.elementor-image-gallery .gallery.gallery-columns-10 .gallery-item{max-width:100%}}<\/style>\t\t<div class=\"elementor-image-gallery\">\n\t\t\t<div id='gallery-1' class='gallery galleryid-36 gallery-columns-2 gallery-size-full'><figure class='gallery-item'>\n\t\t\t<div class='gallery-icon landscape'>\n\t\t\t\t<a data-elementor-open-lightbox=\"yes\" data-elementor-lightbox-slideshow=\"503b2c2\" data-elementor-lightbox-title=\"K\u00fcfa\" data-e-action-hash=\"#elementor-action%3Aaction%3Dlightbox%26settings%3DeyJpZCI6NjE5LCJ1cmwiOiJodHRwczpcL1wvY2FiaS1zZy5jaFwvd3AtY29udGVudFwvdXBsb2Fkc1wvMjAyM1wvMDRcL0t1ZmE0LmpwZyIsInNsaWRlc2hvdyI6IjUwM2IyYzIifQ%3D%3D\" href='https:\/\/cabi-sg.ch\/wp-content\/uploads\/2023\/04\/Kufa4.jpg'><img fetchpriority=\"high\" decoding=\"async\" width=\"1600\" height=\"1200\" src=\"https:\/\/cabi-sg.ch\/wp-content\/uploads\/2023\/04\/Kufa4.jpg\" class=\"attachment-full size-full\" alt=\"\" srcset=\"https:\/\/cabi-sg.ch\/wp-content\/uploads\/2023\/04\/Kufa4.jpg 1600w, https:\/\/cabi-sg.ch\/wp-content\/uploads\/2023\/04\/Kufa4-300x225.jpg 300w, https:\/\/cabi-sg.ch\/wp-content\/uploads\/2023\/04\/Kufa4-1024x768.jpg 1024w, https:\/\/cabi-sg.ch\/wp-content\/uploads\/2023\/04\/Kufa4-768x576.jpg 768w, https:\/\/cabi-sg.ch\/wp-content\/uploads\/2023\/04\/Kufa4-1536x1152.jpg 1536w, https:\/\/cabi-sg.ch\/wp-content\/uploads\/2023\/04\/Kufa4-16x12.jpg 16w\" sizes=\"(max-width: 1600px) 100vw, 1600px\" \/><\/a>\n\t\t\t<\/div><\/figure><figure class='gallery-item'>\n\t\t\t<div class='gallery-icon landscape'>\n\t\t\t\t<a data-elementor-open-lightbox=\"yes\" data-elementor-lightbox-slideshow=\"503b2c2\" data-elementor-lightbox-title=\"K\u00fcfa\" data-e-action-hash=\"#elementor-action%3Aaction%3Dlightbox%26settings%3DeyJpZCI6NjE4LCJ1cmwiOiJodHRwczpcL1wvY2FiaS1zZy5jaFwvd3AtY29udGVudFwvdXBsb2Fkc1wvMjAyM1wvMDRcL0t1ZmExLmpwZyIsInNsaWRlc2hvdyI6IjUwM2IyYzIifQ%3D%3D\" href='https:\/\/cabi-sg.ch\/wp-content\/uploads\/2023\/04\/Kufa1.jpg'><img decoding=\"async\" width=\"2048\" height=\"921\" src=\"https:\/\/cabi-sg.ch\/wp-content\/uploads\/2023\/04\/Kufa1.jpg\" class=\"attachment-full size-full\" alt=\"\" srcset=\"https:\/\/cabi-sg.ch\/wp-content\/uploads\/2023\/04\/Kufa1.jpg 2048w, https:\/\/cabi-sg.ch\/wp-content\/uploads\/2023\/04\/Kufa1-300x135.jpg 300w, https:\/\/cabi-sg.ch\/wp-content\/uploads\/2023\/04\/Kufa1-1024x461.jpg 1024w, https:\/\/cabi-sg.ch\/wp-content\/uploads\/2023\/04\/Kufa1-768x345.jpg 768w, https:\/\/cabi-sg.ch\/wp-content\/uploads\/2023\/04\/Kufa1-1536x691.jpg 1536w, https:\/\/cabi-sg.ch\/wp-content\/uploads\/2023\/04\/Kufa1-18x8.jpg 18w\" sizes=\"(max-width: 2048px) 100vw, 2048px\" \/><\/a>\n\t\t\t<\/div><\/figure>\n\t\t<\/div>\n\t\t<\/div>\n\t\t\t\t<\/div>\n\t\t\t\t<\/div>\n\t\t\t\t\t<\/div>\n\t\t<\/div>\n\t\t\t\t\t<\/div>\n\t\t<\/section>\n\t\t\t\t<\/div>","protected":false},"excerpt":{"rendered":"<p>K\u00fcfA, jeden Freitag ab 19.00 Uhr Gastk\u00f6chinnen willkommen! (Bitte melden: info@cabi-sg.ch) Die K\u00fcfA ist jeden Freitag ab 19.00 Uhr offen. Das Men\u00fc kostet Fr. 10.- und besteht meist aus drei G\u00e4ngen. Die \u00abK\u00fcche f\u00fcr Alle\u00bb ist eine ideale M\u00f6glichkeit, um das CaBi kennen zu lernen. Manchmal schliessen sich an die K\u00fcfA Informationsveranstaltungen, Gespr\u00e4chsrunden oder Filmabende [&hellip;]<\/p>","protected":false},"author":1,"featured_media":0,"parent":0,"menu_order":0,"comment_status":"closed","ping_status":"closed","template":"","meta":{"_acf_changed":false,"footnotes":""},"class_list":["post-36","page","type-page","status-publish","hentry"],"acf":[],"aioseo_notices":[],"_links":{"self":[{"href":"https:\/\/cabi-sg.ch\/en\/wp-json\/wp\/v2\/pages\/36","targetHints":{"allow":["GET"]}}],"collection":[{"href":"https:\/\/cabi-sg.ch\/en\/wp-json\/wp\/v2\/pages"}],"about":[{"href":"https:\/\/cabi-sg.ch\/en\/wp-json\/wp\/v2\/types\/page"}],"author":[{"embeddable":true,"href":"https:\/\/cabi-sg.ch\/en\/wp-json\/wp\/v2\/users\/1"}],"replies":[{"embeddable":true,"href":"https:\/\/cabi-sg.ch\/en\/wp-json\/wp\/v2\/comments?post=36"}],"version-history":[{"count":122,"href":"https:\/\/cabi-sg.ch\/en\/wp-json\/wp\/v2\/pages\/36\/revisions"}],"predecessor-version":[{"id":1260,"href":"https:\/\/cabi-sg.ch\/en\/wp-json\/wp\/v2\/pages\/36\/revisions\/1260"}],"wp:attachment":[{"href":"https:\/\/cabi-sg.ch\/en\/wp-json\/wp\/v2\/media?parent=36"}],"curies":[{"name":"wp","href":"https:\/\/api.w.org\/{rel}","templated":true}]}}